{"id":63,"date":"2023-10-12T15:10:05","date_gmt":"2023-10-12T15:10:05","guid":{"rendered":"https:\/\/oblicza-turystyki.wgsr.uw.edu.pl\/?page_id=63"},"modified":"2023-10-16T15:29:43","modified_gmt":"2023-10-16T15:29:43","slug":"test","status":"publish","type":"page","link":"https:\/\/oblicza-turystyki.wgsr.uw.edu.pl\/","title":{"rendered":"Oblicza wsp\u00f3\u0142czesnej turystyki. Wyzwania badawcze"},"content":{"rendered":"\n<p><\/p>\n\n\n\n<p><\/p>\n\n\n\n<h2 class=\"wp-block-heading has-text-align-center\"><strong><mark style=\"background-color:rgba(0, 0, 0, 0);color:#0070c0\" class=\"has-inline-color\">Oblicza wsp\u00f3\u0142czesnej turystyki. Wyzwania badawcze<\/mark><\/strong><\/h2>\n\n\n\n<p><\/p>\n\n\n\n<p class=\"has-text-align-center\">Wydzia\u0142 Geografii i Studi\u00f3w Regionalnych Uniwersytetu Warszawskiego<\/p>\n\n\n\n<p class=\"has-text-align-center\">we wsp\u00f3\u0142pracy z Geograficznym Laboratorium Turystyki (GeoLabTur)<\/p>\n\n\n\n<p class=\"has-text-align-center\">zapraszaj\u0105 na Og\u00f3lnopolsk\u0105 Konferencj\u0119 Naukow\u0105 pt.<\/p>\n\n\n\n<p class=\"has-text-align-center\"><em><strong><mark style=\"background-color:rgba(0, 0, 0, 0);color:#0070c0\" class=\"has-inline-color\">Oblicza wsp\u00f3\u0142czesnej turystyki. Wyzwania badawcze<\/mark><\/strong><\/em><\/p>\n\n\n\n<p class=\"has-text-align-center\">Warszawa, 18 \u2013 19 kwietnia 2024 r.<\/p>\n","protected":false},"excerpt":{"rendered":"<p>Oblicza wsp\u00f3\u0142czesnej turystyki. Wyzwania badawcze Wydzia\u0142 Geografii i Studi\u00f3w Regionalnych Uniwersytetu Warszawskiego we wsp\u00f3\u0142pracy z Geograficznym Laboratorium Turystyki (GeoLabTur) zapraszaj\u0105 na Og\u00f3lnopolsk\u0105 [&hellip;]<\/p>\n","protected":false},"author":3,"featured_media":0,"parent":0,"menu_order":0,"comment_status":"closed","ping_status":"closed","template":"","meta":{"footnotes":""},"class_list":["post-63","page","type-page","status-publish","hentry","post"],"_links":{"self":[{"href":"https:\/\/oblicza-turystyki.wgsr.uw.edu.pl\/index.php?rest_route=\/wp\/v2\/pages\/63","targetHints":{"allow":["GET"]}}],"collection":[{"href":"https:\/\/oblicza-turystyki.wgsr.uw.edu.pl\/index.php?rest_route=\/wp\/v2\/pages"}],"about":[{"href":"https:\/\/oblicza-turystyki.wgsr.uw.edu.pl\/index.php?rest_route=\/wp\/v2\/types\/page"}],"author":[{"embeddable":true,"href":"https:\/\/oblicza-turystyki.wgsr.uw.edu.pl\/index.php?rest_route=\/wp\/v2\/users\/3"}],"replies":[{"embeddable":true,"href":"https:\/\/oblicza-turystyki.wgsr.uw.edu.pl\/index.php?rest_route=%2Fwp%2Fv2%2Fcomments&post=63"}],"version-history":[{"count":9,"href":"https:\/\/oblicza-turystyki.wgsr.uw.edu.pl\/index.php?rest_route=\/wp\/v2\/pages\/63\/revisions"}],"predecessor-version":[{"id":134,"href":"https:\/\/oblicza-turystyki.wgsr.uw.edu.pl\/index.php?rest_route=\/wp\/v2\/pages\/63\/revisions\/134"}],"wp:attachment":[{"href":"https:\/\/oblicza-turystyki.wgsr.uw.edu.pl\/index.php?rest_route=%2Fwp%2Fv2%2Fmedia&parent=63"}],"curies":[{"name":"wp","href":"https:\/\/api.w.org\/{rel}","templated":true}]}}