{"id":75,"date":"2023-10-13T12:29:56","date_gmt":"2023-10-13T12:29:56","guid":{"rendered":"https:\/\/oblicza-turystyki.wgsr.uw.edu.pl\/?page_id=75"},"modified":"2023-11-08T16:32:09","modified_gmt":"2023-11-08T16:32:09","slug":"informacje-ogolne","status":"publish","type":"page","link":"https:\/\/oblicza-turystyki.wgsr.uw.edu.pl\/?page_id=75","title":{"rendered":"Informacje og\u00f3lne"},"content":{"rendered":"\n<h2 class=\"wp-block-heading\"><strong><mark style=\"background-color:rgba(0, 0, 0, 0);color:#0070c0\" class=\"has-inline-color\">Informacje og\u00f3lne<\/mark><\/strong><\/h2>\n\n\n\n<p>Celem konferencji jest prezentacja aktualnych wynik\u00f3w bada\u0144 dotycz\u0105cych r\u00f3\u017cnych aspekt\u00f3w rozwoju turystyki w Polsce i na \u015bwiecie. Spotkanie to b\u0119dzie te\u017c okazj\u0105 do wymiany do\u015bwiadcze\u0144 badawczych oraz pogl\u0105d\u00f3w na temat kierunk\u00f3w kszta\u0142towania si\u0119 zjawisk turystycznych w przysz\u0142o\u015bci i ich konsekwencji w wymiarze przyrodniczym, spo\u0142ecznym, ekonomicznym, kulturowym i przestrzennym.<\/p>\n\n\n\n<p>W marcu 2024 r. swoje 70. urodziny b\u0119dzie obchodzi\u0142 pan prof. dr hab. Andrzej Kowalczyk \u2013 szef Katedry Geografii Turystyki i Rekreacji na naszym Wydziale i tw\u00f3rca specjalizacji <em>geografia turyzmu<\/em>. Konferencja b\u0119dzie dobr\u0105 okazj\u0105, aby nie tylko przypomnie\u0107 wk\u0142ad dorobku naukowego Pana Profesora w rozw\u00f3j geograficznych bada\u0144 nad turystyk\u0105, ale tak\u017ce wsp\u00f3lnie \u015bwi\u0119towa\u0107 Jego jubileusz.<\/p>\n\n\n\n<h3 class=\"wp-block-heading\"><mark style=\"background-color:rgba(0, 0, 0, 0);color:#0070c0\" class=\"has-inline-color\"><strong>Forma konferencji<\/strong><\/mark><\/h3>\n\n\n\n<p>Konferencja odbywa\u0107 si\u0119 b\u0119dzie w formie stacjonarnej.<\/p>\n\n\n\n<p>W ramach konferencji s\u0105 przewidziane wyst\u0105pienia w sesjach plenarnych, tematycznych oraz prezentacje posterowe.<\/p>\n\n\n\n<h3 class=\"wp-block-heading\"><strong><mark style=\"background-color:rgba(0, 0, 0, 0);color:#0070c0\" class=\"has-inline-color\">Miejsce konferencji<\/mark><\/strong><\/h3>\n\n\n\n<p>W pierwszym dniu (18.04.2024) wszystkie sesje odbywa\u0107 si\u0119 b\u0119d\u0105 w budynku  <strong>Dobra 55 (ul. ul. Dobra 55)<\/strong>, natomiast w drugim dniu (19.04.2024) obrady b\u0119d\u0105 si\u0119 odbywa\u0142y  w gmachu<strong> Wydzia\u0142u Geografii i Studi\u00f3w Regionalnych Uniwersytetu Warszawskiego <\/strong>(ul. Krakowskie Przedmie\u015bcie 30, wej\u015bcie od strony ma\u0142ego dziedzi\u0144ca).<\/p>\n\n\n\n<h3 class=\"wp-block-heading\"><mark style=\"background-color:rgba(0, 0, 0, 0);color:#0070c0\" class=\"has-inline-color\"><strong>Mo\u017cliwo\u015b\u0107 publikacji<\/strong><\/mark><\/h3>\n\n\n\n<p>Organizatorzy umo\u017cliwiaj\u0105 Uczestnikom z\u0142o\u017cenie do publikacji tekst\u00f3w wyst\u0105pie\u0144 w formie artyku\u0142\u00f3w w czasopismach: <em>Prace i Studia Geograficzne<\/em> (70 pkt.) oraz <em>Prace Geograficzne<\/em> (70 pkt.). Teksty b\u0119d\u0105 kwalifikowane do opublikowania zgodnie z zasadami i procedurami wydawniczymi przyj\u0119tymi w tych czasopismach.<\/p>\n\n\n\n<h3 class=\"wp-block-heading\"><strong><mark style=\"background-color:rgba(0, 0, 0, 0);color:#0070c0\" class=\"has-inline-color\">Koszt udzia\u0142u<\/mark><\/strong><\/h3>\n\n\n\n<p>Op\u0142ata konferencyjna obejmuje udzia\u0142 w sesjach konferencyjnych, materia\u0142y konferencyjne, pocz\u0119stunek podczas przerw kawowych i lunchu, udzia\u0142 w uroczystej kolacji oraz mo\u017cliwo\u015b\u0107 opublikowania artyku\u0142\u00f3w w czasopismach <em>Prace i Studia Geograficzne lub Prace Geograficzne (UJ)<\/em>.<\/p>\n\n\n\n<p>Op\u0142ata konferencyjna wynosi 850 PLN dla pracownik\u00f3w instytucji naukowo-badawczych i akademickich oraz 450 PLN dla student\u00f3w i doktorant\u00f3w.<\/p>\n","protected":false},"excerpt":{"rendered":"<p>Informacje og\u00f3lne Celem konferencji jest prezentacja aktualnych wynik\u00f3w bada\u0144 dotycz\u0105cych r\u00f3\u017cnych aspekt\u00f3w rozwoju turystyki w Polsce i na \u015bwiecie. Spotkanie to b\u0119dzie [&hellip;]<\/p>\n","protected":false},"author":3,"featured_media":0,"parent":0,"menu_order":0,"comment_status":"closed","ping_status":"closed","template":"","meta":{"footnotes":""},"class_list":["post-75","page","type-page","status-publish","hentry","post"],"_links":{"self":[{"href":"https:\/\/oblicza-turystyki.wgsr.uw.edu.pl\/index.php?rest_route=\/wp\/v2\/pages\/75","targetHints":{"allow":["GET"]}}],"collection":[{"href":"https:\/\/oblicza-turystyki.wgsr.uw.edu.pl\/index.php?rest_route=\/wp\/v2\/pages"}],"about":[{"href":"https:\/\/oblicza-turystyki.wgsr.uw.edu.pl\/index.php?rest_route=\/wp\/v2\/types\/page"}],"author":[{"embeddable":true,"href":"https:\/\/oblicza-turystyki.wgsr.uw.edu.pl\/index.php?rest_route=\/wp\/v2\/users\/3"}],"replies":[{"embeddable":true,"href":"https:\/\/oblicza-turystyki.wgsr.uw.edu.pl\/index.php?rest_route=%2Fwp%2Fv2%2Fcomments&post=75"}],"version-history":[{"count":10,"href":"https:\/\/oblicza-turystyki.wgsr.uw.edu.pl\/index.php?rest_route=\/wp\/v2\/pages\/75\/revisions"}],"predecessor-version":[{"id":248,"href":"https:\/\/oblicza-turystyki.wgsr.uw.edu.pl\/index.php?rest_route=\/wp\/v2\/pages\/75\/revisions\/248"}],"wp:attachment":[{"href":"https:\/\/oblicza-turystyki.wgsr.uw.edu.pl\/index.php?rest_route=%2Fwp%2Fv2%2Fmedia&parent=75"}],"curies":[{"name":"wp","href":"https:\/\/api.w.org\/{rel}","templated":true}]}}