{"id":77,"date":"2023-10-13T12:33:11","date_gmt":"2023-10-13T12:33:11","guid":{"rendered":"https:\/\/oblicza-turystyki.wgsr.uw.edu.pl\/?page_id=77"},"modified":"2023-12-21T15:38:59","modified_gmt":"2023-12-21T15:38:59","slug":"wazne-daty","status":"publish","type":"page","link":"https:\/\/oblicza-turystyki.wgsr.uw.edu.pl\/?page_id=77","title":{"rendered":"Wa\u017cne daty"},"content":{"rendered":"\n<p><\/p>\n\n\n\n<p><\/p>\n\n\n\n<p><\/p>\n\n\n\n<p><\/p>\n\n\n\n<p><\/p>\n\n\n\n<p><\/p>\n\n\n\n<h2 class=\"wp-block-heading\"><strong><mark style=\"background-color:rgba(0, 0, 0, 0);color:#0070c0\" class=\"has-inline-color\">Wa\u017cne daty<\/mark><\/strong><\/h2>\n\n\n\n<p><\/p>\n\n\n\n<p>Przes\u0142anie formularza zg\u0142oszeniowego \u2013 do  20  stycznia 2024 r.<\/p>\n\n\n\n<p>Termin wniesienia op\u0142aty konferencyjnej \u2013 do 20 stycznia 2024 r.<\/p>\n\n\n\n<p>Termin konferencji \u2013 18\u201319 kwietnia 2024 r.<\/p>\n\n\n\n<p>Komunikat konferencyjny nr 2 \u2013 pocz\u0105tek kwietnia 2024 r.<\/p>\n","protected":false},"excerpt":{"rendered":"<p>Wa\u017cne daty Przes\u0142anie formularza zg\u0142oszeniowego \u2013 do 20 stycznia 2024 r. Termin wniesienia op\u0142aty konferencyjnej \u2013 do 20 stycznia 2024 r. Termin [&hellip;]<\/p>\n","protected":false},"author":3,"featured_media":0,"parent":0,"menu_order":0,"comment_status":"closed","ping_status":"closed","template":"","meta":{"footnotes":""},"class_list":["post-77","page","type-page","status-publish","hentry","post"],"_links":{"self":[{"href":"https:\/\/oblicza-turystyki.wgsr.uw.edu.pl\/index.php?rest_route=\/wp\/v2\/pages\/77","targetHints":{"allow":["GET"]}}],"collection":[{"href":"https:\/\/oblicza-turystyki.wgsr.uw.edu.pl\/index.php?rest_route=\/wp\/v2\/pages"}],"about":[{"href":"https:\/\/oblicza-turystyki.wgsr.uw.edu.pl\/index.php?rest_route=\/wp\/v2\/types\/page"}],"author":[{"embeddable":true,"href":"https:\/\/oblicza-turystyki.wgsr.uw.edu.pl\/index.php?rest_route=\/wp\/v2\/users\/3"}],"replies":[{"embeddable":true,"href":"https:\/\/oblicza-turystyki.wgsr.uw.edu.pl\/index.php?rest_route=%2Fwp%2Fv2%2Fcomments&post=77"}],"version-history":[{"count":11,"href":"https:\/\/oblicza-turystyki.wgsr.uw.edu.pl\/index.php?rest_route=\/wp\/v2\/pages\/77\/revisions"}],"predecessor-version":[{"id":205,"href":"https:\/\/oblicza-turystyki.wgsr.uw.edu.pl\/index.php?rest_route=\/wp\/v2\/pages\/77\/revisions\/205"}],"wp:attachment":[{"href":"https:\/\/oblicza-turystyki.wgsr.uw.edu.pl\/index.php?rest_route=%2Fwp%2Fv2%2Fmedia&parent=77"}],"curies":[{"name":"wp","href":"https:\/\/api.w.org\/{rel}","templated":true}]}}