{"id":81,"date":"2023-10-13T12:34:39","date_gmt":"2023-10-13T12:34:39","guid":{"rendered":"https:\/\/oblicza-turystyki.wgsr.uw.edu.pl\/?page_id=81"},"modified":"2023-10-16T12:21:58","modified_gmt":"2023-10-16T12:21:58","slug":"kontakt","status":"publish","type":"page","link":"https:\/\/oblicza-turystyki.wgsr.uw.edu.pl\/?page_id=81","title":{"rendered":"Kontakt"},"content":{"rendered":"\n<h2 class=\"wp-block-heading\"><strong><mark style=\"background-color:rgba(0, 0, 0, 0);color:#0070c0\" class=\"has-inline-color\">Dane kontaktowe:<\/mark><\/strong><\/h2>\n\n\n\n<p><\/p>\n\n\n\n<p>Wszelkie pytania prosimy kierowa\u0107 do Sekretariatu konferencji:<\/p>\n\n\n\n<p>e-mail: <strong><mark style=\"background-color:rgba(0, 0, 0, 0);color:#0070c0\" class=\"has-inline-color\">konferencja_turystyka@uw.edu.pl&nbsp;<\/mark><\/strong><\/p>\n\n\n\n<p>tel.: 22 55 20&nbsp;500<\/p>\n\n\n\n<p>Zapraszamy te\u017c na stron\u0119 internetow\u0105 konferencji:<\/p>\n\n\n\n<p> <strong><mark style=\"background-color:rgba(0, 0, 0, 0);color:#0070c0\" class=\"has-inline-color\"><a rel=\"noreferrer noopener\" href=\"https:\/\/oblicza-turystyki.wgsr.uw.edu.pl\/\" target=\"_blank\">https:\/\/oblicza-turystyki.wgsr.uw.edu.pl\/<\/a> &nbsp;<\/mark><\/strong>&nbsp;<\/p>\n\n\n\n<p><\/p>\n\n\n\n<p><\/p>\n\n\n\n<h3 class=\"wp-block-heading\"><strong><mark style=\"background-color:rgba(0, 0, 0, 0);color:#0070c0\" class=\"has-inline-color\">Adres korespondencyjny:<\/mark><\/strong><\/h3>\n\n\n\n<p>Uniwersytet Warszawski,<\/p>\n\n\n\n<p>Wydzia\u0142 Geografii i Studi\u00f3w Regionalnych<\/p>\n\n\n\n<p>Katedra Geografii Turystyki i Rekreacji<\/p>\n\n\n\n<p>ul. Krakowskie Przedmie\u015bcie 30<\/p>\n\n\n\n<p>00-927 Warszawa<\/p>\n","protected":false},"excerpt":{"rendered":"<p>Dane kontaktowe: Wszelkie pytania prosimy kierowa\u0107 do Sekretariatu konferencji: e-mail: konferencja_turystyka@uw.edu.pl&nbsp; tel.: 22 55 20&nbsp;500 Zapraszamy te\u017c na stron\u0119 internetow\u0105 konferencji: https:\/\/oblicza-turystyki.wgsr.uw.edu.pl\/ [&hellip;]<\/p>\n","protected":false},"author":3,"featured_media":0,"parent":0,"menu_order":0,"comment_status":"closed","ping_status":"closed","template":"","meta":{"footnotes":""},"class_list":["post-81","page","type-page","status-publish","hentry","post"],"_links":{"self":[{"href":"https:\/\/oblicza-turystyki.wgsr.uw.edu.pl\/index.php?rest_route=\/wp\/v2\/pages\/81","targetHints":{"allow":["GET"]}}],"collection":[{"href":"https:\/\/oblicza-turystyki.wgsr.uw.edu.pl\/index.php?rest_route=\/wp\/v2\/pages"}],"about":[{"href":"https:\/\/oblicza-turystyki.wgsr.uw.edu.pl\/index.php?rest_route=\/wp\/v2\/types\/page"}],"author":[{"embeddable":true,"href":"https:\/\/oblicza-turystyki.wgsr.uw.edu.pl\/index.php?rest_route=\/wp\/v2\/users\/3"}],"replies":[{"embeddable":true,"href":"https:\/\/oblicza-turystyki.wgsr.uw.edu.pl\/index.php?rest_route=%2Fwp%2Fv2%2Fcomments&post=81"}],"version-history":[{"count":5,"href":"https:\/\/oblicza-turystyki.wgsr.uw.edu.pl\/index.php?rest_route=\/wp\/v2\/pages\/81\/revisions"}],"predecessor-version":[{"id":126,"href":"https:\/\/oblicza-turystyki.wgsr.uw.edu.pl\/index.php?rest_route=\/wp\/v2\/pages\/81\/revisions\/126"}],"wp:attachment":[{"href":"https:\/\/oblicza-turystyki.wgsr.uw.edu.pl\/index.php?rest_route=%2Fwp%2Fv2%2Fmedia&parent=81"}],"curies":[{"name":"wp","href":"https:\/\/api.w.org\/{rel}","templated":true}]}}